{"id":660,"date":"2022-06-15T13:59:16","date_gmt":"2022-06-15T13:59:16","guid":{"rendered":"https:\/\/www.kotrynagroup.com\/?page_id=660"},"modified":"2022-11-19T04:16:56","modified_gmt":"2022-11-19T02:16:56","slug":"why-kotryna-group","status":"publish","type":"page","link":"https:\/\/www.kotrynagroup.com\/lv\/why-kotryna-group\/","title":{"rendered":"K\u0101p\u0113c KOTRYNA GROUP?"},"content":{"rendered":"<div data-elementor-type=\"wp-page\" data-elementor-id=\"660\" class=\"elementor elementor-660\" data-elementor-post-type=\"page\">\n\t\t\t\t\t\t<section class=\"elementor-section elementor-top-section elementor-element elementor-element-039c257 elementor-reverse-mobile elementor-section-boxed elementor-section-height-default elementor-section-height-default\" data-id=\"039c257\" data-element_type=\"section\" data-e-type=\"section\">\n\t\t\t\t\t\t<div class=\"elementor-container elementor-column-gap-no\">\n\t\t\t\t\t<div class=\"elementor-column elementor-col-50 elementor-top-column elementor-element elementor-element-22ce766\" data-id=\"22ce766\" data-element_type=\"column\" data-e-type=\"column\">\n\t\t\t<div class=\"elementor-widget-wrap elementor-element-populated\">\n\t\t\t\t\t\t<div class=\"elementor-element elementor-element-7cb7daa elementor-widget elementor-widget-text-editor\" data-id=\"7cb7daa\" data-element_type=\"widget\" data-e-type=\"widget\" data-no-translation=\"\" data-widget_type=\"text-editor.default\">\n\t\t\t\t<div class=\"elementor-widget-container\">\n\t\t\t\t\t<style>.elementor-element-7cb7daa{display:none !important}<\/style>\t\t\t\t<\/div>\n\t\t\t\t<\/div>\n\t\t\t\t<div class=\"elementor-element elementor-element-65973e6 elementor-widget elementor-widget-text-editor\" data-id=\"65973e6\" data-element_type=\"widget\" data-e-type=\"widget\" data-no-translation=\"\" data-widget_type=\"text-editor.default\">\n\t\t\t\t<div class=\"elementor-widget-container\">\n\t\t\t\t\t<style>.elementor-element-65973e6{display:none !important}<\/style>\t\t\t\t<\/div>\n\t\t\t\t<\/div>\n\t\t\t\t<div class=\"elementor-element elementor-element-e66da26 elementor-widget elementor-widget-text-editor\" data-id=\"e66da26\" data-element_type=\"widget\" data-e-type=\"widget\" data-no-translation=\"\" data-widget_type=\"text-editor.default\">\n\t\t\t\t<div class=\"elementor-widget-container\">\n\t\t\t\t\t\t\t\t\tKOTRYNA GOUP ir uz\u0146\u0113mums, kas alla\u017e virz\u0101s uz priek\u0161u un main\u0101s, ievie\u0161ot jaunus procesus lab\u0101ka un efekt\u012bv\u0101ka rezult\u0101ta sasnieg\u0161anai. Ja jums piem\u012bt m\u0113r\u0137tiec\u012bba, darbs pie mums pied\u0101v\u0101 iesp\u0113ju j\u0113gpilniem centieniem \u2013 izmantojiet iesp\u0113ju papla\u0161in\u0101t savu redzesloku un m\u0101c\u012bties. Te jums b\u016bs izcilas iesp\u0113jas str\u0101d\u0101t kop\u0101 ar ambicioziem, \u013coti cien\u012btiem profesion\u0101\u013ciem un, bez \u0161aub\u0101m, ar\u012b k\u013c\u016bt par t\u0101du.<br \/>\r\n<br \/>\r\n\u0160eit KOTRYNA GOUP m\u0113s g\u0101d\u0101jam ne vien par visu komandu kopum\u0101, bet ar\u012b par katru person\u012bbu atsevi\u0161\u0137i. Pat tad, ja esat darbinieks bez pieredzes, m\u0113s jums pied\u0101v\u0101jam iesp\u0113ju \u0161eit s\u0101kt daudzsolo\u0161u karjeru. Soli pa solim j\u016bs uzzin\u0101siet par visu uz\u0146\u0113mumu veidojo\u0161o noda\u013cu darbu un atrad\u012bsiet vietu, kur \u012bstenot savu augst\u0101ko potenci\u0101lu un g\u016bt specifisku un tom\u0113r pla\u0161u pieredzi izv\u0113l\u0113taj\u0101 kategorij\u0101. \t\t\t\t\t\t\t\t<\/div>\n\t\t\t\t<\/div>\n\t\t\t\t<div class=\"elementor-element elementor-element-d0e6f34 elementor-widget elementor-widget-text-editor\" data-id=\"d0e6f34\" data-element_type=\"widget\" data-e-type=\"widget\" data-no-translation=\"\" data-widget_type=\"text-editor.default\">\n\t\t\t\t<div class=\"elementor-widget-container\">\n\t\t\t\t\t<style>.elementor-element-d0e6f34{display:none !important}<\/style>\t\t\t\t<\/div>\n\t\t\t\t<\/div>\n\t\t\t\t\t<\/div>\n\t\t<\/div>\n\t\t\t\t<div class=\"elementor-column elementor-col-50 elementor-top-column elementor-element elementor-element-c3e92ea elementor-hidden-mobile\" data-id=\"c3e92ea\" data-element_type=\"column\" data-e-type=\"column\">\n\t\t\t<div class=\"elementor-widget-wrap elementor-element-populated\">\n\t\t\t\t\t\t<div class=\"elementor-element elementor-element-0d4cdf0 elementor-widget elementor-widget-image\" data-id=\"0d4cdf0\" data-element_type=\"widget\" data-e-type=\"widget\" data-widget_type=\"image.default\">\n\t\t\t\t<div class=\"elementor-widget-container\">\n\t\t\t\t\t\t\t\t\t\t\t\t\t\t\t<img fetchpriority=\"high\" decoding=\"async\" width=\"500\" height=\"500\" src=\"https:\/\/www.kotrynagroup.com\/wp-content\/uploads\/2022\/08\/why-kg.webp\" class=\"attachment-large size-large wp-image-6228\" alt=\"\" srcset=\"https:\/\/www.kotrynagroup.com\/wp-content\/uploads\/2022\/08\/why-kg.webp 500w, https:\/\/www.kotrynagroup.com\/wp-content\/uploads\/2022\/08\/why-kg-300x300.webp 300w, https:\/\/www.kotrynagroup.com\/wp-content\/uploads\/2022\/08\/why-kg-150x150.webp 150w, https:\/\/www.kotrynagroup.com\/wp-content\/uploads\/2022\/08\/why-kg-12x12.webp 12w\" sizes=\"(max-width: 500px) 100vw, 500px\" \/>\t\t\t\t\t\t\t\t\t\t\t\t\t\t\t<\/div>\n\t\t\t\t<\/div>\n\t\t\t\t<div class=\"elementor-element elementor-element-0d66bfc elementor-widget__width-auto elementor-absolute animated-slow elementor-hidden-mobile elementor-invisible elementor-widget elementor-widget-image\" data-id=\"0d66bfc\" data-element_type=\"widget\" data-e-type=\"widget\" data-settings=\"{&quot;_position&quot;:&quot;absolute&quot;,&quot;_animation&quot;:&quot;fadeIn&quot;,&quot;_animation_mobile&quot;:&quot;none&quot;}\" data-widget_type=\"image.default\">\n\t\t\t\t<div class=\"elementor-widget-container\">\n\t\t\t\t\t\t\t\t\t\t\t\t\t\t\t<img decoding=\"async\" width=\"207\" height=\"121\" src=\"https:\/\/www.kotrynagroup.com\/wp-content\/uploads\/2022\/07\/arrow-1.svg\" class=\"attachment-large size-large wp-image-3563\" alt=\"\" \/>\t\t\t\t\t\t\t\t\t\t\t\t\t\t\t<\/div>\n\t\t\t\t<\/div>\n\t\t\t\t\t<\/div>\n\t\t<\/div>\n\t\t\t\t\t<\/div>\n\t\t<\/section>\n\t\t\t\t<section class=\"elementor-section elementor-top-section elementor-element elementor-element-1398fc2 elementor-section-boxed elementor-section-height-default elementor-section-height-default\" data-id=\"1398fc2\" data-element_type=\"section\" data-e-type=\"section\">\n\t\t\t\t\t\t<div class=\"elementor-container elementor-column-gap-no\">\n\t\t\t\t\t<div class=\"elementor-column elementor-col-50 elementor-top-column elementor-element elementor-element-559b173\" data-id=\"559b173\" data-element_type=\"column\" data-e-type=\"column\">\n\t\t\t<div class=\"elementor-widget-wrap elementor-element-populated\">\n\t\t\t\t\t\t<div class=\"elementor-element elementor-element-3fd7405 elementor-widget elementor-widget-image\" data-id=\"3fd7405\" data-element_type=\"widget\" data-e-type=\"widget\" data-widget_type=\"image.default\">\n\t\t\t\t<div class=\"elementor-widget-container\">\n\t\t\t\t\t\t\t\t\t\t\t\t\t\t\t<img decoding=\"async\" width=\"500\" height=\"500\" src=\"https:\/\/www.kotrynagroup.com\/wp-content\/uploads\/2022\/08\/why-kg2.webp\" class=\"attachment-large size-large wp-image-5796\" alt=\"\" srcset=\"https:\/\/www.kotrynagroup.com\/wp-content\/uploads\/2022\/08\/why-kg2.webp 500w, https:\/\/www.kotrynagroup.com\/wp-content\/uploads\/2022\/08\/why-kg2-300x300.webp 300w, https:\/\/www.kotrynagroup.com\/wp-content\/uploads\/2022\/08\/why-kg2-150x150.webp 150w, https:\/\/www.kotrynagroup.com\/wp-content\/uploads\/2022\/08\/why-kg2-12x12.webp 12w\" sizes=\"(max-width: 500px) 100vw, 500px\" \/>\t\t\t\t\t\t\t\t\t\t\t\t\t\t\t<\/div>\n\t\t\t\t<\/div>\n\t\t\t\t\t<\/div>\n\t\t<\/div>\n\t\t\t\t<div class=\"elementor-column elementor-col-50 elementor-top-column elementor-element elementor-element-c4d440d\" data-id=\"c4d440d\" data-element_type=\"column\" data-e-type=\"column\">\n\t\t\t<div class=\"elementor-widget-wrap elementor-element-populated\">\n\t\t\t\t\t\t<div class=\"elementor-element elementor-element-ca8ceba elementor-widget__width-auto elementor-absolute animated-slow elementor-hidden-mobile elementor-invisible elementor-widget elementor-widget-image\" data-id=\"ca8ceba\" data-element_type=\"widget\" data-e-type=\"widget\" data-settings=\"{&quot;_position&quot;:&quot;absolute&quot;,&quot;_animation&quot;:&quot;fadeIn&quot;,&quot;_animation_mobile&quot;:&quot;none&quot;}\" data-widget_type=\"image.default\">\n\t\t\t\t<div class=\"elementor-widget-container\">\n\t\t\t\t\t\t\t\t\t\t\t\t\t\t\t<img loading=\"lazy\" decoding=\"async\" width=\"192\" height=\"125\" src=\"https:\/\/www.kotrynagroup.com\/wp-content\/uploads\/2022\/07\/Asset-6.svg\" class=\"attachment-large size-large wp-image-2203\" alt=\"\" \/>\t\t\t\t\t\t\t\t\t\t\t\t\t\t\t<\/div>\n\t\t\t\t<\/div>\n\t\t\t\t<div class=\"elementor-element elementor-element-370dbe3 elementor-widget elementor-widget-text-editor\" data-id=\"370dbe3\" data-element_type=\"widget\" data-e-type=\"widget\" data-no-translation=\"\" data-widget_type=\"text-editor.default\">\n\t\t\t\t<div class=\"elementor-widget-container\">\n\t\t\t\t\t<style>.elementor-element-370dbe3{display:none !important}<\/style>\t\t\t\t<\/div>\n\t\t\t\t<\/div>\n\t\t\t\t<div class=\"elementor-element elementor-element-7a16c0c elementor-widget elementor-widget-text-editor\" data-id=\"7a16c0c\" data-element_type=\"widget\" data-e-type=\"widget\" data-no-translation=\"\" data-widget_type=\"text-editor.default\">\n\t\t\t\t<div class=\"elementor-widget-container\">\n\t\t\t\t\t<style>.elementor-element-7a16c0c{display:none !important}<\/style>\t\t\t\t<\/div>\n\t\t\t\t<\/div>\n\t\t\t\t<div class=\"elementor-element elementor-element-042c80f elementor-widget elementor-widget-text-editor\" data-id=\"042c80f\" data-element_type=\"widget\" data-e-type=\"widget\" data-no-translation=\"\" data-widget_type=\"text-editor.default\">\n\t\t\t\t<div class=\"elementor-widget-container\">\n\t\t\t\t\t\t\t\t\tKopum\u0101 m\u0113s tiecamies veidot kopienu, kuras m\u0113r\u0137is ir ne vien sasniegt lab\u0101ko rezult\u0101tu, bet ar\u012b baud\u012bt katru \u0161eit nostr\u0101d\u0101to dienu. Uz\u0146\u0113muma kult\u016bras pamat\u0101 ir pa\u0161izpausme \u2013 \u0161eit vienm\u0113r ar atsauc\u012bbu uz\u0146em iniciat\u012bvu. M\u0113s cien\u0101m viens otru, jo kop\u0101 sasniedzam ambiciozus pl\u0101nus, kas m\u016bsos uztur dzinuli, dom\u0101jot par v\u0113l lab\u0101ku n\u0101kotni. Kop\u0101, m\u0101coties cits no cita, m\u0113s varam k\u013c\u016bt lab\u0101ki.<br \/>\r\n<br \/>\r\nKo j\u016bs atkl\u0101siet, uzs\u0101kot darbu KOTRYNA GROUP? Starptautisku uz\u0146\u0113mumu, labas attiec\u012bbas starp uz\u0146\u0113muma noda\u013c\u0101m str\u0101d\u0101jo\u0161iem kol\u0113\u0123iem un \u013coti labv\u0113l\u012bgu atmosf\u0113ru.<br \/>\r\n<br \/>\r\nVai v\u0113laties mums pievienoties?\t\t\t\t\t\t\t\t<\/div>\n\t\t\t\t<\/div>\n\t\t\t\t<div class=\"elementor-element elementor-element-98f5359 elementor-widget elementor-widget-text-editor\" data-id=\"98f5359\" data-element_type=\"widget\" data-e-type=\"widget\" data-no-translation=\"\" data-widget_type=\"text-editor.default\">\n\t\t\t\t<div class=\"elementor-widget-container\">\n\t\t\t\t\t<style>.elementor-element-98f5359{display:none !important}<\/style>\t\t\t\t<\/div>\n\t\t\t\t<\/div>\n\t\t\t\t\t<\/div>\n\t\t<\/div>\n\t\t\t\t\t<\/div>\n\t\t<\/section>\n\t\t\t\t<\/div>","protected":false},"excerpt":{"rendered":"","protected":false},"author":2,"featured_media":5891,"parent":0,"menu_order":15,"comment_status":"closed","ping_status":"closed","template":"","meta":{"_acf_changed":false,"footnotes":""},"class_list":["post-660","page","type-page","status-publish","has-post-thumbnail","hentry"],"acf":[],"_links":{"self":[{"href":"https:\/\/www.kotrynagroup.com\/lv\/wp-json\/wp\/v2\/pages\/660","targetHints":{"allow":["GET"]}}],"collection":[{"href":"https:\/\/www.kotrynagroup.com\/lv\/wp-json\/wp\/v2\/pages"}],"about":[{"href":"https:\/\/www.kotrynagroup.com\/lv\/wp-json\/wp\/v2\/types\/page"}],"author":[{"embeddable":true,"href":"https:\/\/www.kotrynagroup.com\/lv\/wp-json\/wp\/v2\/users\/2"}],"replies":[{"embeddable":true,"href":"https:\/\/www.kotrynagroup.com\/lv\/wp-json\/wp\/v2\/comments?post=660"}],"version-history":[{"count":0,"href":"https:\/\/www.kotrynagroup.com\/lv\/wp-json\/wp\/v2\/pages\/660\/revisions"}],"wp:featuredmedia":[{"embeddable":true,"href":"https:\/\/www.kotrynagroup.com\/lv\/wp-json\/wp\/v2\/media\/5891"}],"wp:attachment":[{"href":"https:\/\/www.kotrynagroup.com\/lv\/wp-json\/wp\/v2\/media?parent=660"}],"curies":[{"name":"wp","href":"https:\/\/api.w.org\/{rel}","templated":true}]}}