{"id":660,"date":"2022-06-15T13:59:16","date_gmt":"2022-06-15T13:59:16","guid":{"rendered":"https:\/\/www.kotrynagroup.com\/?page_id=660"},"modified":"2022-11-19T04:16:56","modified_gmt":"2022-11-19T02:16:56","slug":"why-kotryna-group","status":"publish","type":"page","link":"https:\/\/www.kotrynagroup.com\/lt\/why-kotryna-group\/","title":{"rendered":"Kod\u0117l KOTRYNA GROUP?"},"content":{"rendered":"<div data-elementor-type=\"wp-page\" data-elementor-id=\"660\" class=\"elementor elementor-660\" data-elementor-post-type=\"page\">\n\t\t\t\t\t\t<section class=\"elementor-section elementor-top-section elementor-element elementor-element-039c257 elementor-reverse-mobile elementor-section-boxed elementor-section-height-default elementor-section-height-default\" data-id=\"039c257\" data-element_type=\"section\" data-e-type=\"section\">\n\t\t\t\t\t\t<div class=\"elementor-container elementor-column-gap-no\">\n\t\t\t\t\t<div class=\"elementor-column elementor-col-50 elementor-top-column elementor-element elementor-element-22ce766\" data-id=\"22ce766\" data-element_type=\"column\" data-e-type=\"column\">\n\t\t\t<div class=\"elementor-widget-wrap elementor-element-populated\">\n\t\t\t\t\t\t<div class=\"elementor-element elementor-element-7cb7daa elementor-widget elementor-widget-text-editor\" data-id=\"7cb7daa\" data-element_type=\"widget\" data-e-type=\"widget\" data-no-translation=\"\" data-widget_type=\"text-editor.default\">\n\t\t\t\t<div class=\"elementor-widget-container\">\n\t\t\t\t\t<style>.elementor-element-7cb7daa{display:none !important}<\/style>\t\t\t\t<\/div>\n\t\t\t\t<\/div>\n\t\t\t\t<div class=\"elementor-element elementor-element-65973e6 elementor-widget elementor-widget-text-editor\" data-id=\"65973e6\" data-element_type=\"widget\" data-e-type=\"widget\" data-no-translation=\"\" data-widget_type=\"text-editor.default\">\n\t\t\t\t<div class=\"elementor-widget-container\">\n\t\t\t\t\t\t\t\t\tKOTRYNA GOUP yra \u012fmon\u0117, kuri nuolat \u017eengia \u012f priek\u012f ir kei\u010diasi, \u012fgyvendindama naujus procesus, kad pasiekt\u0173 geresni\u0173 ir efektyvesni\u0173 rezultat\u0173. Jei esate ambicingi, dirbdami \u010dia tur\u0117site galimyb\u0119 prasmingai prisid\u0117ti, pl\u0117sti akirat\u012f ir mokytis. Dirbsite su ambicingais, labai gerbiamais specialistais ir, be abejon\u0117s, patys tapsite tokie.<br \/>\r\n<br \/>\r\nOrganizacijoje KOTRYNA GOUP r\u016bpinam\u0117s ne tik visa komanda, ta\u010diau taip pat kiekvienu individualiai. Net jei esate patirties neturintis darbuotojas, si\u016blome jums galimyb\u0119 prad\u0117ti perspektyvi\u0105 karjer\u0105. Pama\u017eu susipa\u017einsite su vis\u0173 \u012fmon\u0119 sudaran\u010di\u0173 skyri\u0173 veikla ir rasite viet\u0105, kurioje gal\u0117site realizuoti savo did\u017eiausi\u0105 potencial\u0105, \u012fgyti konkre\u010dios ir kartu pla\u010dios patirties pasirinktoje kategorijoje. \t\t\t\t\t\t\t\t<\/div>\n\t\t\t\t<\/div>\n\t\t\t\t<div class=\"elementor-element elementor-element-e66da26 elementor-widget elementor-widget-text-editor\" data-id=\"e66da26\" data-element_type=\"widget\" data-e-type=\"widget\" data-no-translation=\"\" data-widget_type=\"text-editor.default\">\n\t\t\t\t<div class=\"elementor-widget-container\">\n\t\t\t\t\t<style>.elementor-element-e66da26{display:none !important}<\/style>\t\t\t\t<\/div>\n\t\t\t\t<\/div>\n\t\t\t\t<div class=\"elementor-element elementor-element-d0e6f34 elementor-widget elementor-widget-text-editor\" data-id=\"d0e6f34\" data-element_type=\"widget\" data-e-type=\"widget\" data-no-translation=\"\" data-widget_type=\"text-editor.default\">\n\t\t\t\t<div class=\"elementor-widget-container\">\n\t\t\t\t\t<style>.elementor-element-d0e6f34{display:none !important}<\/style>\t\t\t\t<\/div>\n\t\t\t\t<\/div>\n\t\t\t\t\t<\/div>\n\t\t<\/div>\n\t\t\t\t<div class=\"elementor-column elementor-col-50 elementor-top-column elementor-element elementor-element-c3e92ea elementor-hidden-mobile\" data-id=\"c3e92ea\" data-element_type=\"column\" data-e-type=\"column\">\n\t\t\t<div class=\"elementor-widget-wrap elementor-element-populated\">\n\t\t\t\t\t\t<div class=\"elementor-element elementor-element-0d4cdf0 elementor-widget elementor-widget-image\" data-id=\"0d4cdf0\" data-element_type=\"widget\" data-e-type=\"widget\" data-widget_type=\"image.default\">\n\t\t\t\t<div class=\"elementor-widget-container\">\n\t\t\t\t\t\t\t\t\t\t\t\t\t\t\t<img fetchpriority=\"high\" decoding=\"async\" width=\"500\" height=\"500\" src=\"https:\/\/www.kotrynagroup.com\/wp-content\/uploads\/2022\/08\/why-kg.webp\" class=\"attachment-large size-large wp-image-6228\" alt=\"\" srcset=\"https:\/\/www.kotrynagroup.com\/wp-content\/uploads\/2022\/08\/why-kg.webp 500w, https:\/\/www.kotrynagroup.com\/wp-content\/uploads\/2022\/08\/why-kg-300x300.webp 300w, https:\/\/www.kotrynagroup.com\/wp-content\/uploads\/2022\/08\/why-kg-150x150.webp 150w, https:\/\/www.kotrynagroup.com\/wp-content\/uploads\/2022\/08\/why-kg-12x12.webp 12w\" sizes=\"(max-width: 500px) 100vw, 500px\" \/>\t\t\t\t\t\t\t\t\t\t\t\t\t\t\t<\/div>\n\t\t\t\t<\/div>\n\t\t\t\t<div class=\"elementor-element elementor-element-0d66bfc elementor-widget__width-auto elementor-absolute animated-slow elementor-hidden-mobile elementor-invisible elementor-widget elementor-widget-image\" data-id=\"0d66bfc\" data-element_type=\"widget\" data-e-type=\"widget\" data-settings=\"{&quot;_position&quot;:&quot;absolute&quot;,&quot;_animation&quot;:&quot;fadeIn&quot;,&quot;_animation_mobile&quot;:&quot;none&quot;}\" data-widget_type=\"image.default\">\n\t\t\t\t<div class=\"elementor-widget-container\">\n\t\t\t\t\t\t\t\t\t\t\t\t\t\t\t<img decoding=\"async\" width=\"207\" height=\"121\" src=\"https:\/\/www.kotrynagroup.com\/wp-content\/uploads\/2022\/07\/arrow-1.svg\" class=\"attachment-large size-large wp-image-3563\" alt=\"\" \/>\t\t\t\t\t\t\t\t\t\t\t\t\t\t\t<\/div>\n\t\t\t\t<\/div>\n\t\t\t\t\t<\/div>\n\t\t<\/div>\n\t\t\t\t\t<\/div>\n\t\t<\/section>\n\t\t\t\t<section class=\"elementor-section elementor-top-section elementor-element elementor-element-1398fc2 elementor-section-boxed elementor-section-height-default elementor-section-height-default\" data-id=\"1398fc2\" data-element_type=\"section\" data-e-type=\"section\">\n\t\t\t\t\t\t<div class=\"elementor-container elementor-column-gap-no\">\n\t\t\t\t\t<div class=\"elementor-column elementor-col-50 elementor-top-column elementor-element elementor-element-559b173\" data-id=\"559b173\" data-element_type=\"column\" data-e-type=\"column\">\n\t\t\t<div class=\"elementor-widget-wrap elementor-element-populated\">\n\t\t\t\t\t\t<div class=\"elementor-element elementor-element-3fd7405 elementor-widget elementor-widget-image\" data-id=\"3fd7405\" data-element_type=\"widget\" data-e-type=\"widget\" data-widget_type=\"image.default\">\n\t\t\t\t<div class=\"elementor-widget-container\">\n\t\t\t\t\t\t\t\t\t\t\t\t\t\t\t<img decoding=\"async\" width=\"500\" height=\"500\" src=\"https:\/\/www.kotrynagroup.com\/wp-content\/uploads\/2022\/08\/why-kg2.webp\" class=\"attachment-large size-large wp-image-5796\" alt=\"\" srcset=\"https:\/\/www.kotrynagroup.com\/wp-content\/uploads\/2022\/08\/why-kg2.webp 500w, https:\/\/www.kotrynagroup.com\/wp-content\/uploads\/2022\/08\/why-kg2-300x300.webp 300w, https:\/\/www.kotrynagroup.com\/wp-content\/uploads\/2022\/08\/why-kg2-150x150.webp 150w, https:\/\/www.kotrynagroup.com\/wp-content\/uploads\/2022\/08\/why-kg2-12x12.webp 12w\" sizes=\"(max-width: 500px) 100vw, 500px\" \/>\t\t\t\t\t\t\t\t\t\t\t\t\t\t\t<\/div>\n\t\t\t\t<\/div>\n\t\t\t\t\t<\/div>\n\t\t<\/div>\n\t\t\t\t<div class=\"elementor-column elementor-col-50 elementor-top-column elementor-element elementor-element-c4d440d\" data-id=\"c4d440d\" data-element_type=\"column\" data-e-type=\"column\">\n\t\t\t<div class=\"elementor-widget-wrap elementor-element-populated\">\n\t\t\t\t\t\t<div class=\"elementor-element elementor-element-ca8ceba elementor-widget__width-auto elementor-absolute animated-slow elementor-hidden-mobile elementor-invisible elementor-widget elementor-widget-image\" data-id=\"ca8ceba\" data-element_type=\"widget\" data-e-type=\"widget\" data-settings=\"{&quot;_position&quot;:&quot;absolute&quot;,&quot;_animation&quot;:&quot;fadeIn&quot;,&quot;_animation_mobile&quot;:&quot;none&quot;}\" data-widget_type=\"image.default\">\n\t\t\t\t<div class=\"elementor-widget-container\">\n\t\t\t\t\t\t\t\t\t\t\t\t\t\t\t<img loading=\"lazy\" decoding=\"async\" width=\"192\" height=\"125\" src=\"https:\/\/www.kotrynagroup.com\/wp-content\/uploads\/2022\/07\/Asset-6.svg\" class=\"attachment-large size-large wp-image-2203\" alt=\"\" \/>\t\t\t\t\t\t\t\t\t\t\t\t\t\t\t<\/div>\n\t\t\t\t<\/div>\n\t\t\t\t<div class=\"elementor-element elementor-element-370dbe3 elementor-widget elementor-widget-text-editor\" data-id=\"370dbe3\" data-element_type=\"widget\" data-e-type=\"widget\" data-no-translation=\"\" data-widget_type=\"text-editor.default\">\n\t\t\t\t<div class=\"elementor-widget-container\">\n\t\t\t\t\t<style>.elementor-element-370dbe3{display:none !important}<\/style>\t\t\t\t<\/div>\n\t\t\t\t<\/div>\n\t\t\t\t<div class=\"elementor-element elementor-element-7a16c0c elementor-widget elementor-widget-text-editor\" data-id=\"7a16c0c\" data-element_type=\"widget\" data-e-type=\"widget\" data-no-translation=\"\" data-widget_type=\"text-editor.default\">\n\t\t\t\t<div class=\"elementor-widget-container\">\n\t\t\t\t\t\t\t\t\tM\u016bs\u0173 bendras tikslas \u2013 sukurti bendruomen\u0119, kuri ne tik siekt\u0173 geriausi\u0173 rezultat\u0173, bet ir d\u017eiaugt\u0173si kiekviena darbo diena. \u012emon\u0117s kult\u016bra grind\u017eiama savirai\u0161ka, o iniciatyva \u010dia visada skatinama. Gerbiame vieni kitus, nes kartu siekiame ambicing\u0173 tiksl\u0173, d\u0117l kuri\u0173 esame ver\u017el\u016bs ir m\u0105stome apie ateit\u012f. Kartu galime tobul\u0117ti ir mokytis vieni i\u0161 kit\u0173.<br \/>\r\n<br \/>\r\n\u012edomu, k\u0105 rasite, prisijung\u0119 prie m\u016bs\u0173? Tarptautin\u0119 \u012fmon\u0119, \u0161iltus santykius skyriuose ir labai draugi\u0161k\u0105 atmosfer\u0105.<br \/>\r\n<br \/>\r\nAr nor\u0117tum\u0117te prie m\u016bs\u0173 prisijungti?\t\t\t\t\t\t\t\t<\/div>\n\t\t\t\t<\/div>\n\t\t\t\t<div class=\"elementor-element elementor-element-042c80f elementor-widget elementor-widget-text-editor\" data-id=\"042c80f\" data-element_type=\"widget\" data-e-type=\"widget\" data-no-translation=\"\" data-widget_type=\"text-editor.default\">\n\t\t\t\t<div class=\"elementor-widget-container\">\n\t\t\t\t\t<style>.elementor-element-042c80f{display:none !important}<\/style>\t\t\t\t<\/div>\n\t\t\t\t<\/div>\n\t\t\t\t<div class=\"elementor-element elementor-element-98f5359 elementor-widget elementor-widget-text-editor\" data-id=\"98f5359\" data-element_type=\"widget\" data-e-type=\"widget\" data-no-translation=\"\" data-widget_type=\"text-editor.default\">\n\t\t\t\t<div class=\"elementor-widget-container\">\n\t\t\t\t\t<style>.elementor-element-98f5359{display:none !important}<\/style>\t\t\t\t<\/div>\n\t\t\t\t<\/div>\n\t\t\t\t\t<\/div>\n\t\t<\/div>\n\t\t\t\t\t<\/div>\n\t\t<\/section>\n\t\t\t\t<\/div>","protected":false},"excerpt":{"rendered":"","protected":false},"author":2,"featured_media":5891,"parent":0,"menu_order":15,"comment_status":"closed","ping_status":"closed","template":"","meta":{"_acf_changed":false,"footnotes":""},"class_list":["post-660","page","type-page","status-publish","has-post-thumbnail","hentry"],"acf":[],"_links":{"self":[{"href":"https:\/\/www.kotrynagroup.com\/lt\/wp-json\/wp\/v2\/pages\/660","targetHints":{"allow":["GET"]}}],"collection":[{"href":"https:\/\/www.kotrynagroup.com\/lt\/wp-json\/wp\/v2\/pages"}],"about":[{"href":"https:\/\/www.kotrynagroup.com\/lt\/wp-json\/wp\/v2\/types\/page"}],"author":[{"embeddable":true,"href":"https:\/\/www.kotrynagroup.com\/lt\/wp-json\/wp\/v2\/users\/2"}],"replies":[{"embeddable":true,"href":"https:\/\/www.kotrynagroup.com\/lt\/wp-json\/wp\/v2\/comments?post=660"}],"version-history":[{"count":0,"href":"https:\/\/www.kotrynagroup.com\/lt\/wp-json\/wp\/v2\/pages\/660\/revisions"}],"wp:featuredmedia":[{"embeddable":true,"href":"https:\/\/www.kotrynagroup.com\/lt\/wp-json\/wp\/v2\/media\/5891"}],"wp:attachment":[{"href":"https:\/\/www.kotrynagroup.com\/lt\/wp-json\/wp\/v2\/media?parent=660"}],"curies":[{"name":"wp","href":"https:\/\/api.w.org\/{rel}","templated":true}]}}