{"id":2264,"date":"2022-07-14T00:31:16","date_gmt":"2022-07-14T00:31:16","guid":{"rendered":"https:\/\/www.kotrynagroup.com\/?page_id=2264"},"modified":"2026-02-25T16:13:52","modified_gmt":"2026-02-25T14:13:52","slug":"privacy-policy","status":"publish","type":"page","link":"https:\/\/www.kotrynagroup.com\/ee\/privacy-policy\/","title":{"rendered":"Privaatsuspoliitika"},"content":{"rendered":"<ol>\n<li><strong>General information<\/strong>\n<ol>\n<li>This Privacy policy (hereinafter \u2013 the \u201c<strong>Privacy policy<\/strong>\u201d) describes how Kotryna Group, UAB (registration number 121673734, with registered office at Vilius, Dariaus ir Gir\u0117no g. 34 LT-02189, Lithuania, e-mail: kotryna@kotrynagroup.com) (hereinafter \u2013 \u201c<strong>We\u201d<\/strong>or the \u201c<strong>Company<\/strong>\u201d) and (ar) Group companies collects, stores and processes your personal data on this Company website (hereinafter\u00a0<strong>\u2013<\/strong>\u00a0<strong>WEB<\/strong>) and (or) other purposes of the Company and\/or the Group of Companies.<\/li>\n<li>We want this Privacy policy to help you feel safe when you submit your personal data to us, and to demonstrate how we will ensure the processing of your personal data in accordance with the applicable data protection legislation, including but not limited to the General Data Protection Regulation (ES) 2016\/679 (the \u201c<strong>GDPR<\/strong>\u201c) and other Data Protection legislation.<\/li>\n<li>We (UAB Kotryna group) together with other companies in the group (UAB Kotryna Holding, SIA Kotryna, OU Kotryna) act as joint data controllers (as defined in the Regulation). For this reason, a Joint Management Agreement has been concluded between the group companies, under which we set common personal data processing objectives and measures and can share certain personal data about you.<\/li>\n<\/ol>\n<\/li>\n<li><strong>Terms used in the Privacy policy and the principles of personal data processing<\/strong>\n<ol>\n<li><strong>Personal data<\/strong> means any information related to an identified or identifiable natural person (\u201c<strong>Data subject<\/strong>\u201d); an identifiable natural person is one who can be identified, directly or indirectly, in particular by reference to an identifier (E. g. name, surname, address, email, phone number, etc.).<\/li>\n<li><strong>Personal data processing<\/strong> means any operation or set of operations which is performed on personal data or on sets of personal data, whether or not automated (e. g. collection, recording, organisation, structuring, storage, adaptation or alteration, retrieval, consultation, use, disclosure by transmission, restriction, erasure, destruction, etc.).<\/li>\n<li>When processing your personal data, the company follows the following principles of personal data processing:\n<ol>\n<li>Your personal data are processed only to the extent necessary to achieve the relevant clearly defined and legitimate purposes, taking into account the protection of your privacy;<\/li>\n<li>Your personal data is processed accurately, fairly and lawfully and is processed only for purposes that correspond to the purposes stated before the collection of your data;<\/li>\n<li>Your personal data is processed in strict compliance with the clear and transparent requirements for the processing of personal data set out in the legislation;<\/li>\n<li>Your personal data are processed only in such form, that permits your identification for no longer than is necessary for the data processing purpose(s);<\/li>\n<li>The processing of your personal data is subject to appropriate technical and organizational measures to ensure the security of your personal data, including protection against unauthorized processing and unintentional loss, destruction and damage.<\/li>\n<\/ol>\n<\/li>\n<\/ol>\n<\/li>\n<\/ol>\n<ol>\n<li><strong>Purposes of the processing of personal data and information related to the processing<\/strong>\n<ul>\n<li>Our personal data processing operations which are performed according to the purposes:<\/li>\n<\/ul>\n<\/li>\n<\/ol>\n<table>\n<tbody>\n<tr>\n<td><strong><em>Video surveillance in stores<\/em><\/strong><\/p>\n<p>For this purpose, the Company and\/or group companies carry out video surveillance in the stores they manage to ensure the safety of property and\/or persons.<\/td>\n<td><em>Video data:<\/em><\/p>\n<p><em>\u2022\u00a0\u00a0\u00a0 Video recordings (including images of individuals, actions performed, etc.);<\/em><\/p>\n<p><em>\u2022\u00a0\u00a0\u00a0 Technical data (such as date, duration, etc.).<\/em><\/td>\n<td>Our legitimate interest in ensuring public safety, public order, the protection of life, health, property, and other rights and freedoms of individuals. (Article 6(1)(f) of the Regulation).<\/td>\n<td>We store video recordings captured in stores and related data for 14 to 18 days (depending on the store)*.<\/td>\n<\/tr>\n<tr>\n<td colspan=\"4\">We obtain\/record your data using video cameras located in our stores when you visit the stores we manage. You will be informed about which company is the controller of your data and that the store is monitored by video cameras (i.e., video surveillance is carried out) will be indicated by information signs before you enter or upon entering the monitored premises (e.g., at the entrance or in other clearly visible places).<\/p>\n<p>&nbsp;<\/p>\n<p>* Video recordings capturing the circumstances of a specific incident (e.g., damage to and\/or theft of property; breaches of public order, etc.) will be stored as evidence for the relevant period (the entire period of non-judicial, pre-trial, or judicial dispute resolution).<\/td>\n<\/tr>\n<tr>\n<td><strong><em>Inquiry administration<\/em><\/strong><\/p>\n<p>&nbsp;<\/p>\n<p>For this purpose, we process your data so that we can evaluate and analyse your inquiries and provide you with an answer.<\/td>\n<td><em>Identification data:<\/em><\/p>\n<p>\u2022 Name and surname.<\/p>\n<p>&nbsp;<\/p>\n<p><em>Contact information<\/em>:<\/p>\n<p>\u2022 Email address;<\/p>\n<p>\u2022 Address;<\/p>\n<p>\u2022 Telephone number.<\/p>\n<p>&nbsp;<\/p>\n<p><em>Content details:<\/em><\/p>\n<p>\u2022 Inquiry description (message);<\/p>\n<p>\u2022 Documents regarding the complaint.<\/p>\n<p>\u2022 etc.<\/td>\n<td>Your consent, which you express by sending us inquiries, does not relate to a possible violation of your rights and (or) interests protected by law (GDPR Article 6 (1) (a)).<\/p>\n<p>&nbsp;<\/p>\n<p>We are subject to a legal obligation to examine your request for a possible violation of your rights and (or) interests protected by law and to provide you with an answer (GDPR Article 6 (1) (c)).<\/td>\n<td>We handle your inquiries the entire period of the inquiry and keep it for 6 months from the date of its inquiry (except for public communications). *<\/td>\n<\/tr>\n<tr>\n<td colspan=\"4\">We receive your personal data directly from you and (or) your representative when you send us your requests, complaints, claims or other inquiries through the contacts we provide (such as address, e-mail, telephone, public space, including social networking communications and etc.).<\/p>\n<p>&nbsp;<\/p>\n<p>* Personal data may be stored longer if the request is not processed or is still being processed during that time, and if personal data will be needed to protect our or third parties\u2019 legitimate interests, such as in the event of a statute of limitations or a legal dispute. If the complaint has been resolved by signing the settlement agreement, your personal data will be stored for 10 years.<\/td>\n<\/tr>\n<tr>\n<td><strong><em>Communication in the internet:<\/em><\/strong><\/p>\n<p>&nbsp;<\/p>\n<p>For this purpose, we process your data so that we can communicate with you through social networks and (or) other means.<\/p>\n<p>&nbsp;<\/td>\n<td><em>Identification data:<\/em><\/p>\n<p>\u2022 Name and surname (title).<\/p>\n<p>&nbsp;<\/p>\n<p><em>Communication details:<\/em><\/p>\n<p>\u2022 Information about communication in the account (\u201clike\u201d, \u201cfollow\u201d, \u201ccomment\u201d, \u201cshare\u201d or visit, etc.);<\/p>\n<p>\u2022 Photos (profile and \/ or in which the Company is tagged);<\/p>\n<p>\u2022 Sent message (content);<\/p>\n<p>\u2022 Information about the message (time of receipt of the message, message attachments, correspondence history, etc.);<\/p>\n<p>\u2022 Information on participation in events and (or) games organized by the Company (participation, non-participation, interest, compliance with the rules of the game, etc.);<\/p>\n<p>\u2022 Information about the Company\u2019s evaluation (evaluation score, feedback, etc.).<\/td>\n<td>Your consent, which you express by visiting and (or) communicating with Us, in our managed social network accounts (GDPR Article 6 (1) (a)).<\/td>\n<td>We process the personal data provided by you until the moment of revocation of your consent (i.e. deletion of the provided personal data from the account), but not longer than until the deletion of the Company\u2019s account. *<\/p>\n<p>&nbsp;<\/p>\n<p>In the event of unauthorized communication (such as defamation, etc.), we may retain this communication as evidence for an appropriate period of time to defend our violated rights or legitimate interests (i.e., the entire out-of-court, pre-trial or litigation process).<\/td>\n<\/tr>\n<tr>\n<td colspan=\"4\">We receive your data directly from you (from your social network account) when you visit and (or) communicate with Us thru social networks.<\/p>\n<p>&nbsp;<\/p>\n<p>* Please note that personal data provided on social networks is processed jointly with the social network administrator (I.e., Facebook Inc., Instagram Inc., LinkedIn Inc. managed platforms), therefore, for more information on the processing of personal data on these social networks, we suggest the privacy settings of the social network manager.<\/td>\n<\/tr>\n<tr>\n<td><strong><em>Recruitment<\/em><\/strong><\/p>\n<p><em>(selection of personnel)<\/em><\/p>\n<p>&nbsp;<\/p>\n<p>For this purpose, we process your data in order to assess the suitability of your candidacy for our proposed job and (or) internship and to communicate with you.<\/td>\n<td><em>Identification (general) data:<\/em><\/p>\n<p>\u2022 Name;<\/p>\n<p>\u2022 Surname;<\/p>\n<p>\u2022 Address (optional);<\/p>\n<p>\u2022 Date of birth (optional).<\/p>\n<p>&nbsp;<\/p>\n<p><em>Contact information:<\/em><\/p>\n<p>\u2022 E-mail address;<\/p>\n<p>\u2022 Telephone number;<\/p>\n<p>\u2022 Links to social networking accounts (optional).<\/p>\n<p>&nbsp;<\/p>\n<p><em>CV (curriculum vitae) data:<\/em><\/p>\n<p>\u2022 Work history (experience);<\/p>\n<p>\u2022 History of education (including training courses and certificates);<\/p>\n<p>\u2022 Languages;<\/p>\n<p>\u2022 Other skills, depending on the position you are applying for;<\/p>\n<p>\u2022 Photo (optional);<\/p>\n<p>\u2022 Summary (may include photos and videos) (optional).<\/p>\n<p>&nbsp;<\/p>\n<p><em>Additional data:<\/em><\/p>\n<p>\u2022 Salary expectations;<\/p>\n<p>\u2022 Desired work and \/ or working hours);<\/p>\n<p>\u2022 Annexes to the application (recommendations, cover letter, etc.) (optional);<\/p>\n<p>\u2022 Contact information for recommendations (optional).<\/p>\n<p>&nbsp;<\/p>\n<p><em>Data generated during sampling:<\/em><\/p>\n<p>\u2022 Remarks made during the job interview process (among other things, such remarks may include our assessment of you as a candidate);<\/p>\n<p>\u2022 Results of tests and (or) practical tasks you have performed;<\/p>\n<p>\u2022 Application details (e.g. number of applications, date of job interview, comments, and notifications).<\/td>\n<td>Your consent, which you express by sending us your CVs and (or) other information, I. e. participating in the selection of staff (GDPR Article 6 (1) (a)).<\/p>\n<p>&nbsp;<\/p>\n<p>Your consent, which you give to us (in writing), so that we may use your personal data in future planned personnel selections (GDPR Article 6 (1) (a)).<\/td>\n<td>We process the personal data you provide and (or) are generated during the selection process until the selection for a specific position takes place.<\/p>\n<p>&nbsp;<\/p>\n<p>At the end of the selection process and without selecting your candidacy for the desired job, we may ask for your separate consent so that we can store and use your personal data obtained during the selection process for the purpose of other personnel selections and contact you. However, these data will be kept for a maximum of 1 year from the date of consent.<\/p>\n<p>&nbsp;<\/p>\n<p>If you send your personal data (CV, etc.) to us by e-mail, despite the fact that we have not published a selection for a job or (and) internship, in which case we may process this personal data of you for 1 year (I.e. store and use them to consider your candidature in future staff selections).<\/td>\n<\/tr>\n<tr>\n<td colspan=\"4\">We receive your data directly from you when you participate in the personnel selections organized by us and (or) send us your CVs in order to get a job (or) an internship.<\/p>\n<p>&nbsp;<\/p>\n<p>When selecting for a job position, we only process personal data of candidates that is relevant to their qualifications, professional abilities and subject characteristics. Therefore, we ask you to protect your privacy and not to send excessive and (or) unnecessary personal data (such as personal identification number, health and (or) other special categories of data, financial data, bank account number, family member data, etc.).<\/td>\n<\/tr>\n<\/tbody>\n<\/table>\n<p>&nbsp;<\/p>\n<ol>\n<li><strong>Data transmission<\/strong>\n<ol>\n<li>We may transfer your personal data for processing to third parties who assist us in the administration of the WEB and store the data as well as direct marketing service providers. Such individuals may include database software vendors, database administration service providers, cloud service providers, and so on. Also, in order to achieve common goals related to the administration of stores and\/or business activities, data may be provided to KOTRYNA Group companies.<\/li>\n<li>Your personal data may also be submitted in cases and in accordance with the procedure established by law, for example, to courts, bailiffs, law enforcement institutions, or other third parties with a legitimate interest.<\/li>\n<li>We note that your personal data is provided only to those third parties who ensure proper conditions for the processing and protection of personal data. Your personal data is not transferred to third countries (I.e. outside the European Union or the European Economic Area) or to international organizations.<\/li>\n<\/ol>\n<\/li>\n<li><strong>Information about minors<\/strong>\n<ol>\n<li>Children\u2019s should not submit any of their personal data on the WEB and\/or otherwise without the consent of their parents or guardians. Therefore, we advise parents and guardians to teach their children to use their personal data carefully and responsibly on the Internet.<\/li>\n<\/ol>\n<\/li>\n<li><strong>Links to other web pages<\/strong>\n<ol>\n<li>The provisions of Privacy policy applies to the WEB. The WEB may contain links to websites that are not covered by this privacy statement. Therefore, when leaving our website, read the privacy policies of other websites that may use your personal information.<\/li>\n<\/ol>\n<\/li>\n<li><strong>Data security<\/strong>\n<ol>\n<li>When processing your personal data, Company shall apply appropriate technical and organizational security measures to ensure the protection of all personal data processed against accidental or unlawful destruction or accidental loss, alteration, unauthorized disclosure or access, and against all other forms of unlawful processing. The above measures are chosen taking into account the risks to your rights and freedoms as a data subject.<\/li>\n<li>In this case, we ensure strict access control to the processed personal data, therefore we grant access to them only to those employees who need your personal data to perform work functions and monitor the use of the provided access. Access to personal data is ensured by using the appropriate level of passwords and concluding confidentiality agreements with the persons who access your personal data.<\/li>\n<li>We note that all employees of the Company who have access to your personal data are acquainted with the requirements of personal data protection and must ensure the confidentiality of the processed personal data.<\/li>\n<\/ol>\n<\/li>\n<li><strong>Your responsibilities<\/strong>\n<ol>\n<li>You must provide complete and correct information about yourself. If your data changes, please update it immediately.<\/li>\n<li>By submitting your personal data, you assume full responsibility for the lawfulness of the submission of your personal data and are liable for any losses that we and (or) third parties may incur as a result of the unlawful processing of such personal data.<\/li>\n<\/ol>\n<\/li>\n<li><strong>Your rights and their enforcement<\/strong>\n<ol>\n<li>You have the following rights regarding your personal data:\n<ol>\n<li>request, access and obtain a copy of your personal data;<\/li>\n<li>request that inaccurate or incomplete personal data be corrected or restricted;<\/li>\n<li>request that inaccurate or incomplete personal data be corrected or restricted;<\/li>\n<li>request the erasure or restriction of redundant or unlawfully processed personal data (\u201cright to be forgotten\u201d);<\/li>\n<li>disagree to the processing of her\/his personal data;<\/li>\n<li>request the transfer of your personal data in a structured, computer-readable format (\u201cright to data portability\u201d);<\/li>\n<li>the right to withdraw his consent at any time when the processing is based on the data subject\u2019s consent (pursuant to GDPR Article 6 (1) (a)). Withdrawal of the data subject\u2019s consent shall not affect the lawfulness of the processing prior to the withdrawal of the consent;<\/li>\n<li>to submit a complaint to the State Data Protection Inspectorate.<\/li>\n<\/ol>\n<\/li>\n<li>The Company does not apply the decisions based solely on automated data processing, including profiling, which could have legal consequences for you or which could have a significant impact on you in a similar way.<\/li>\n<li>You can exercise the following rights:\n<ol>\n<li>By contacting Company directly at the employee\u2019s workplace or by e-mail:\u00a0<a href=\"mailto:dap@kotrynagroup.com\">dap@kotrynagroup.com<\/a>.<\/li>\n<\/ol>\n<\/li>\n<li>In order to exercise your rights listed in 10.3. you must prove your identity by the following means:\n<ol>\n<li>When you exercise your rights by contacting us by e-mail or registered mail \u2013 you can identify yourself in one of the following ways:\n<ol>\n<li>Accompanying the application with a valid identity document (when the application is submitted directly at the employee\u2019s place of work);<\/li>\n<li>Along with the application, submit a copy of a valid identity document, certified in accordance with the procedure established by legal acts (when the application is sent by registered mail or by courier);<\/li>\n<li>Confirmation of the application by electronic means that allow for the proper identification of the person, such as a mobile signature, a qualified electronic signature, etc. (when the request is sent by e-mail or other electronic means).<\/li>\n<\/ol>\n<\/li>\n<\/ol>\n<\/li>\n<li>Upon receipt of your request for the exercise of data subjects\u2019 rights, we will provide you with an answer immediately (but not later than within 1 month from the date of the request) (I.e. we will exercise your rights and (or) refuse to exercise them). This period may be extended by two months, if necessary, depending on the complexity and number of applications. You will be additionally notified of such an extension within one month.<\/li>\n<li>The answer will be provided to you in the manner chosen in your request. If you do not specify in the request the way in which you wish to receive a reply, the reply will be sent to you in the same way as the request.<\/li>\n<li>The information you request will be provided free of charge. However, if we see that your requests are manifestly unfounded or disproportionate, in particular due to their repetitive content, we have the right to charge a reasonable fee for this (i.e. to claim administrative costs) or to refuse to act on such request from the data subject.<\/li>\n<\/ol>\n<\/li>\n<\/ol>\n<ol>\n<li><strong>Validity and amendments<\/strong>\n<ol>\n<li>This privacy policy is effective from the date of publication. If we change this Privacy Policy, we will publish an updated version of it. Changes and (or) additions to the Privacy policy take effect from the moment of their publication, therefore we encourage you to take an interest in our privacy and to review this Privacy policy periodically.<\/li>\n<li>If you have any questions about the provisions of this Privacy policy, please contact our Data Protection Officer by email\u00a0<a href=\"mailto:dap@kotrynagroup.com\">dap@kotrynagroup.com<\/a>.<\/li>\n<\/ol>\n<\/li>\n<li><strong>Final Provisions<\/strong>\n<ol>\n<li>All disputes regarding the implementation of these provisions shall be settled through negotiations. Therefore, before submitting a formal complaint, we recommend that you contact us (<a href=\"mailto:dap@kotrynagroup.com\">dap@kotrynagroup.com<\/a>) first.<\/li>\n<\/ol>\n<\/li>\n<\/ol>\n<p><strong>V\u00f5istluse privaatsusavaldus<\/strong><\/p>\n<ol>\n<li>V\u00f5istlustel osaledes ning ettev\u00f5ttele SIA Kotryna (edaspidi \u201ekorraldaja\u201c) endast ja\/v\u00f5i oma lapsest fotosid (sh v\u00f5istlusel osalemiseks n\u00f5utud isikuandmeid) esitades n\u00f5ustute, et teie esitatud andmeid (sh isikuandmeid) t\u00f6\u00f6deldakse nende v\u00f5istluste korraldamise ja v\u00f5itja v\u00e4ljaselgitamise eesm\u00e4rgil (teie isikuandmete t\u00f6\u00f6tlemise \u00f5iguslik alus: GDPR artikli 6 l\u00f5ike 1 punkt a).<\/li>\n<li>Esitatud isikuandmeid t\u00f6\u00f6deldakse (sh avaldatakse sellel lehel) kuni v\u00f5istluse l\u00f5puni ja seej\u00e4rel kustutatakse. Vajaduse korral v\u00f5ib korraldaja s\u00e4ilitada teie isikuandmeid kauem, nt kui v\u00f5idate v\u00f5istluse jne.<\/li>\n<li>Saate oma n\u00f5usoleku igal ajal tagasi v\u00f5tta. Selleks v\u00f5tke meiega alltoodud kontaktandmete kaudu \u00fchendust. Kuid n\u00f5usoleku tagasiv\u00f5tmise korral ei saa te enam v\u00f5istlusel osaleda ja teil pole v\u00f5imalik v\u00f5istluse auhindu v\u00f5ita. N\u00f5usoleku tagasiv\u00f5tmine ei m\u00f5juta andmete kogumise \u00f5igusp\u00e4rasust ja nende t\u00f6\u00f6tlemist kuni n\u00f5usoleku tagasiv\u00f5tmiseni.<\/li>\n<li>Peale selle on teil \u00f5igus n\u00f5uda juurdep\u00e4\u00e4su oma andmetele, mida korraldaja t\u00f6\u00f6tleb, et parandada valesid, mittet\u00e4ielikke ja ebat\u00e4pseid isikuandmeid, n\u00f5uda oma isikuandmete kustutamist, keelduda isikuandmete t\u00f6\u00f6tlemisest ning piirata isikuandmete t\u00f6\u00f6tlemist. Samuti on teil \u00f5igus andmete \u00fclekantavusele ja kui usute, et teie isikuandmeid t\u00f6\u00f6deldakse ebaseaduslikult, on teil \u00f5igus esitada Andmekaitse Inspektsioonile kaebus.<\/li>\n<li>Persons participating in the contest may contact the Organizer by email:\u00a0<a href=\"mailto:dap@kotrynagroup.com\">dap@kotrynagroup.com<\/a>, regarding the processing of their personal data, the exercise of their rights, applied security measures, and any other questions related to data protection.<\/li>\n<\/ol>\n<p>&nbsp;<\/p>","protected":false},"excerpt":{"rendered":"<p>General information This Privacy policy (hereinafter \u2013 the \u201cPrivacy policy\u201d) describes how Kotryna Group, UAB (registration number 121673734, with registered office at Vilius, Dariaus ir Gir\u0117no g. 34 LT-02189, Lithuania, e-mail: kotryna@kotrynagroup.com) (hereinafter \u2013 \u201cWe\u201dor the \u201cCompany\u201d) and (ar) Group companies collects, stores and processes your personal data on this Company website (hereinafter\u00a0\u2013\u00a0WEB) and (or) [&hellip;]<\/p>\n","protected":false},"author":2,"featured_media":2267,"parent":0,"menu_order":0,"comment_status":"closed","ping_status":"closed","template":"","meta":{"_acf_changed":false,"footnotes":""},"class_list":["post-2264","page","type-page","status-publish","has-post-thumbnail","hentry"],"acf":[],"_links":{"self":[{"href":"https:\/\/www.kotrynagroup.com\/ee\/wp-json\/wp\/v2\/pages\/2264","targetHints":{"allow":["GET"]}}],"collection":[{"href":"https:\/\/www.kotrynagroup.com\/ee\/wp-json\/wp\/v2\/pages"}],"about":[{"href":"https:\/\/www.kotrynagroup.com\/ee\/wp-json\/wp\/v2\/types\/page"}],"author":[{"embeddable":true,"href":"https:\/\/www.kotrynagroup.com\/ee\/wp-json\/wp\/v2\/users\/2"}],"replies":[{"embeddable":true,"href":"https:\/\/www.kotrynagroup.com\/ee\/wp-json\/wp\/v2\/comments?post=2264"}],"version-history":[{"count":5,"href":"https:\/\/www.kotrynagroup.com\/ee\/wp-json\/wp\/v2\/pages\/2264\/revisions"}],"predecessor-version":[{"id":10928,"href":"https:\/\/www.kotrynagroup.com\/ee\/wp-json\/wp\/v2\/pages\/2264\/revisions\/10928"}],"wp:featuredmedia":[{"embeddable":true,"href":"https:\/\/www.kotrynagroup.com\/ee\/wp-json\/wp\/v2\/media\/2267"}],"wp:attachment":[{"href":"https:\/\/www.kotrynagroup.com\/ee\/wp-json\/wp\/v2\/media?parent=2264"}],"curies":[{"name":"wp","href":"https:\/\/api.w.org\/{rel}","templated":true}]}}