{"id":10364,"date":"2024-04-25T01:39:46","date_gmt":"2024-04-24T22:39:46","guid":{"rendered":"https:\/\/www.kotrynagroup.com\/?page_id=10364"},"modified":"2024-05-16T16:13:58","modified_gmt":"2024-05-16T13:13:58","slug":"nps","status":"publish","type":"page","link":"https:\/\/www.kotrynagroup.com\/ee\/nps\/","title":{"rendered":"NPS skoor"},"content":{"rendered":"<div data-elementor-type=\"wp-page\" data-elementor-id=\"10364\" class=\"elementor elementor-10364\" data-elementor-post-type=\"page\">\n\t\t\t\t<div class=\"elementor-element elementor-element-18004df e-flex e-con-boxed e-con e-parent\" data-id=\"18004df\" data-element_type=\"container\" data-e-type=\"container\">\n\t\t\t\t\t<div class=\"e-con-inner\">\n\t\t<div class=\"elementor-element elementor-element-4a33909 elementor-hidden-desktop elementor-hidden-tablet elementor-hidden-mobile e-flex e-con-boxed e-con e-child\" data-id=\"4a33909\" data-element_type=\"container\" data-e-type=\"container\">\n\t\t\t\t\t<div class=\"e-con-inner\">\n\t\t\t\t<div class=\"elementor-element elementor-element-d741a72 elementor-widget elementor-widget-html\" data-id=\"d741a72\" data-element_type=\"widget\" data-e-type=\"widget\" data-widget_type=\"html.default\">\n\t\t\t\t<div class=\"elementor-widget-container\">\n\t\t\t\t\t<script>\ndocument.addEventListener('DOMContentLoaded', function() {\n  var selectElement = document.getElementById('select-address-country');\n  selectElement.addEventListener('change', function() {\n    var url = this.value;\n    if(url) {\n      window.location.href = url;\n    }\n  });\n});\n\n<\/script>\n  <select id=\"select-address-country\" class=\"select-address-country-form\" onchange=\"goToLink()\">\n    <option value=\"\">Vali riik<\/option>\n    <option value=\"https:\/\/www.kotrynagroup.com\/lt\/nps\/\">Leedu<\/option>\n    <option value=\"https:\/\/www.kotrynagroup.com\/lv\/nps\/\">L\u00e4ti<\/option>\n    <option value=\"https:\/\/www.kotrynagroup.com\/ee\/nps\/\">Eesti<\/option>\n  <\/select>\t\t\t\t<\/div>\n\t\t\t\t<\/div>\n\t\t\t\t\t<\/div>\n\t\t\t\t<\/div>\n\t\t<div class=\"elementor-element elementor-element-b217e6a e-con-full e-flex e-con e-child\" data-id=\"b217e6a\" data-element_type=\"container\" data-e-type=\"container\" data-settings=\"{&quot;background_background&quot;:&quot;classic&quot;}\">\n\t\t<div class=\"elementor-element elementor-element-750d660 e-con-full e-flex e-con e-child\" data-id=\"750d660\" data-element_type=\"container\" data-e-type=\"container\">\n\t\t\t\t<div class=\"elementor-element elementor-element-3aede06 elementor-widget__width-initial elementor-widget elementor-widget-heading\" data-id=\"3aede06\" data-element_type=\"widget\" data-e-type=\"widget\" data-widget_type=\"heading.default\">\n\t\t\t\t<div class=\"elementor-widget-container\">\n\t\t\t\t\t<h2 class=\"elementor-heading-title elementor-size-default\">Kuidas te k\u00fclastust hindaksite?<\/h2>\t\t\t\t<\/div>\n\t\t\t\t<\/div>\n\t\t<div class=\"elementor-element elementor-element-a8d2ae4 e-flex e-con-boxed e-con e-child\" data-id=\"a8d2ae4\" data-element_type=\"container\" data-e-type=\"container\">\n\t\t\t\t\t<div class=\"e-con-inner\">\n\t\t\t\t<div class=\"elementor-element elementor-element-88b4b47 elementor-widget elementor-widget-heading\" data-id=\"88b4b47\" data-element_type=\"widget\" data-e-type=\"widget\" data-widget_type=\"heading.default\">\n\t\t\t\t<div class=\"elementor-widget-container\">\n\t\t\t\t\t<span class=\"elementor-heading-title elementor-size-default\">Vali riik:<\/span>\t\t\t\t<\/div>\n\t\t\t\t<\/div>\n\t\t\t\t<div class=\"elementor-element elementor-element-044aac1 elementor-widget elementor-widget-image\" data-id=\"044aac1\" data-element_type=\"widget\" data-e-type=\"widget\" data-widget_type=\"image.default\">\n\t\t\t\t<div class=\"elementor-widget-container\">\n\t\t\t\t\t\t\t\t\t\t\t\t\t\t\t\t<a href=\"https:\/\/www.kotrynagroup.com\/lt\/nps\/\">\n\t\t\t\t\t\t\t<img fetchpriority=\"high\" decoding=\"async\" width=\"500\" height=\"500\" src=\"https:\/\/www.kotrynagroup.com\/wp-content\/uploads\/2024\/05\/LT.webp\" class=\"attachment-large size-large wp-image-10622\" alt=\"Leedu\" srcset=\"https:\/\/www.kotrynagroup.com\/wp-content\/uploads\/2024\/05\/LT.webp 500w, https:\/\/www.kotrynagroup.com\/wp-content\/uploads\/2024\/05\/LT-300x300.webp 300w, https:\/\/www.kotrynagroup.com\/wp-content\/uploads\/2024\/05\/LT-150x150.webp 150w, https:\/\/www.kotrynagroup.com\/wp-content\/uploads\/2024\/05\/LT-12x12.webp 12w\" sizes=\"(max-width: 500px) 100vw, 500px\" \/>\t\t\t\t\t\t\t\t<\/a>\n\t\t\t\t\t\t\t\t\t\t\t\t\t\t\t<\/div>\n\t\t\t\t<\/div>\n\t\t\t\t<div class=\"elementor-element elementor-element-b700ee0 elementor-widget elementor-widget-image\" data-id=\"b700ee0\" data-element_type=\"widget\" data-e-type=\"widget\" data-widget_type=\"image.default\">\n\t\t\t\t<div class=\"elementor-widget-container\">\n\t\t\t\t\t\t\t\t\t\t\t\t\t\t\t\t<a href=\"https:\/\/www.kotrynagroup.com\/lv\/nps\/\">\n\t\t\t\t\t\t\t<img decoding=\"async\" width=\"500\" height=\"500\" src=\"https:\/\/www.kotrynagroup.com\/wp-content\/uploads\/2024\/05\/LV.webp\" class=\"attachment-large size-large wp-image-10623\" alt=\"L\u00e4ti\" srcset=\"https:\/\/www.kotrynagroup.com\/wp-content\/uploads\/2024\/05\/LV.webp 500w, https:\/\/www.kotrynagroup.com\/wp-content\/uploads\/2024\/05\/LV-300x300.webp 300w, https:\/\/www.kotrynagroup.com\/wp-content\/uploads\/2024\/05\/LV-150x150.webp 150w, https:\/\/www.kotrynagroup.com\/wp-content\/uploads\/2024\/05\/LV-12x12.webp 12w\" sizes=\"(max-width: 500px) 100vw, 500px\" \/>\t\t\t\t\t\t\t\t<\/a>\n\t\t\t\t\t\t\t\t\t\t\t\t\t\t\t<\/div>\n\t\t\t\t<\/div>\n\t\t\t\t<div class=\"elementor-element elementor-element-24fb916 elementor-widget elementor-widget-image\" data-id=\"24fb916\" data-element_type=\"widget\" data-e-type=\"widget\" data-widget_type=\"image.default\">\n\t\t\t\t<div class=\"elementor-widget-container\">\n\t\t\t\t\t\t\t\t\t\t\t\t\t\t\t\t<a href=\"https:\/\/www.kotrynagroup.com\/ee\/nps\/\">\n\t\t\t\t\t\t\t<img decoding=\"async\" width=\"500\" height=\"500\" src=\"https:\/\/www.kotrynagroup.com\/wp-content\/uploads\/2024\/05\/EE.webp\" class=\"attachment-large size-large wp-image-10624\" alt=\"Eesti\" srcset=\"https:\/\/www.kotrynagroup.com\/wp-content\/uploads\/2024\/05\/EE.webp 500w, https:\/\/www.kotrynagroup.com\/wp-content\/uploads\/2024\/05\/EE-300x300.webp 300w, https:\/\/www.kotrynagroup.com\/wp-content\/uploads\/2024\/05\/EE-150x150.webp 150w, https:\/\/www.kotrynagroup.com\/wp-content\/uploads\/2024\/05\/EE-12x12.webp 12w\" sizes=\"(max-width: 500px) 100vw, 500px\" \/>\t\t\t\t\t\t\t\t<\/a>\n\t\t\t\t\t\t\t\t\t\t\t\t\t\t\t<\/div>\n\t\t\t\t<\/div>\n\t\t\t\t\t<\/div>\n\t\t\t\t<\/div>\n\t\t\t\t<div class=\"elementor-element elementor-element-2e1a820 elementor-widget__width-initial elementor-widget-mobile__width-initial elementor-widget elementor-widget-html\" data-id=\"2e1a820\" data-element_type=\"widget\" data-e-type=\"widget\" data-no-translation=\"\" data-widget_type=\"html.default\">\n\t\t\t\t<div class=\"elementor-widget-container\">\n\t\t\t\t\t<style>.elementor-element-2e1a820{display:none !important}<\/style>\t\t\t\t<\/div>\n\t\t\t\t<\/div>\n\t\t\t\t<div class=\"elementor-element elementor-element-2edc84e elementor-widget__width-initial elementor-widget-mobile__width-initial elementor-widget elementor-widget-html\" data-id=\"2edc84e\" data-element_type=\"widget\" data-e-type=\"widget\" data-no-translation=\"\" data-widget_type=\"html.default\">\n\t\t\t\t<div class=\"elementor-widget-container\">\n\t\t\t\t\t<style>.elementor-element-2edc84e{display:none !important}<\/style>\t\t\t\t<\/div>\n\t\t\t\t<\/div>\n\t\t\t\t<div class=\"elementor-element elementor-element-80b980d elementor-widget__width-initial elementor-widget-mobile__width-initial elementor-widget elementor-widget-html\" data-id=\"80b980d\" data-element_type=\"widget\" data-e-type=\"widget\" data-no-translation=\"\" data-widget_type=\"html.default\">\n\t\t\t\t<div class=\"elementor-widget-container\">\n\t\t\t\t\t<script>\nfunction goToLink() {\n  var url = document.getElementById('address-select-ee').value;\n  if(url) {\n    window.location.href = url;\n  }\n}\n<\/script>\n  <select id=\"address-select-ee\" class=\"address-select-form\"onchange=\"goToLink()\">\n    <option value=\"\">Valige pood<\/option>\n    <option value=\"https:\/\/cx.synopticom.com\/kotrynagroup\/index.php?sid=63252&lang=et&p6=R_128\">Baby City \/ Toy City Kangrumetsa road 3, Rae Parish, Estonia<\/option>\n    <option value=\"https:\/\/cx.synopticom.com\/kotrynagroup\/index.php?sid=63252&lang=et&p6=R_101\">Baby City \/ Toy City Karjav\u00e4lja 4, Tallinn<\/option>\n    <option value=\"https:\/\/cx.synopticom.com\/kotrynagroup\/index.php?sid=63252&lang=et&p6=R_107\">Juku \/ KidzOne Haljala str. 4, Rakvere<\/option>\n    <option value=\"https:\/\/cx.synopticom.com\/kotrynagroup\/index.php?sid=63252&lang=et&p6=R_108\">Juku Tallinna str. 88, Saaremaa<\/option>\n    <option value=\"https:\/\/cx.synopticom.com\/kotrynagroup\/index.php?sid=63252&lang=et&p6=R_109\">Baby City \/ Toy City Tahesaju str. 25, Tallinn<\/option>\n    <option value=\"https:\/\/cx.synopticom.com\/kotrynagroup\/index.php?sid=63252&lang=et&p6=R_110\">Juku Parnu str. 238, Tallinn<\/option>\n    <option value=\"https:\/\/cx.synopticom.com\/kotrynagroup\/index.php?sid=63252&lang=et&p6=R_112\">Juku \/ KidzOne Paldiski str. 102, Tallinn<\/option>\n    <option value=\"https:\/\/cx.synopticom.com\/kotrynagroup\/index.php?sid=63252&lang=et&p6=R_114\">Juku Suur-Sojamae str. 4, Tallinn<\/option>\n    <option value=\"https:\/\/cx.synopticom.com\/kotrynagroup\/index.php?sid=63252&lang=et&p6=R_115\">Juku \/ Baby City Ringtee str. 75, Tartu<\/option>\n    <option value=\"https:\/\/cx.synopticom.com\/kotrynagroup\/index.php?sid=63252&lang=et&p6=R_116\">Juku Tallinna str. 24, Viljandi<\/option>\n    <option value=\"https:\/\/cx.synopticom.com\/kotrynagroup\/index.php?sid=63252&lang=et&p6=R_117\">KidzOne Suur-Sojamae str. 4, Tallinn<\/option>\n    <option value=\"https:\/\/cx.synopticom.com\/kotrynagroup\/index.php?sid=63252&lang=et&p6=R_118\">Juku \/ KidzOne Tallinna str. 41, Narva<\/option>\n    <option value=\"https:\/\/cx.synopticom.com\/kotrynagroup\/index.php?sid=63252&lang=et&p6=R_119\">Juku Papiniidu str. 8\/10, Parnu<\/option>\n    <option value=\"https:\/\/cx.synopticom.com\/kotrynagroup\/index.php?sid=63252&lang=et&p6=R_123\">Juku \/ KidzOne Riia 2\/Aleksandri 2, 51004 Tartu<\/option>\n    <option value=\"https:\/\/cx.synopticom.com\/kotrynagroup\/index.php?sid=63252&lang=et&p6=R_124\">Juku Puru str. 1, Johvi, Estonia<\/option>\n  <\/select>\t\t\t\t<\/div>\n\t\t\t\t<\/div>\n\t\t\t\t<\/div>\n\t\t\t\t<div class=\"elementor-element elementor-element-38669c3 elementor-widget__width-initial elementor-widget elementor-widget-image\" data-id=\"38669c3\" data-element_type=\"widget\" data-e-type=\"widget\" data-widget_type=\"image.default\">\n\t\t\t\t<div class=\"elementor-widget-container\">\n\t\t\t\t\t\t\t\t\t\t\t\t\t\t\t<img loading=\"lazy\" decoding=\"async\" width=\"1024\" height=\"674\" src=\"https:\/\/www.kotrynagroup.com\/wp-content\/uploads\/2024\/05\/Kaip-ivertintumete-apsilankyma.webp\" class=\"attachment-large size-large wp-image-10438\" alt=\"Kaip \u012fvertintum\u0117te apsilankym\u0105\" srcset=\"https:\/\/www.kotrynagroup.com\/wp-content\/uploads\/2024\/05\/Kaip-ivertintumete-apsilankyma.webp 1024w, https:\/\/www.kotrynagroup.com\/wp-content\/uploads\/2024\/05\/Kaip-ivertintumete-apsilankyma-300x197.webp 300w, https:\/\/www.kotrynagroup.com\/wp-content\/uploads\/2024\/05\/Kaip-ivertintumete-apsilankyma-768x506.webp 768w, https:\/\/www.kotrynagroup.com\/wp-content\/uploads\/2024\/05\/Kaip-ivertintumete-apsilankyma-18x12.webp 18w\" sizes=\"(max-width: 1024px) 100vw, 1024px\" \/>\t\t\t\t\t\t\t\t\t\t\t\t\t\t\t<\/div>\n\t\t\t\t<\/div>\n\t\t\t\t<\/div>\n\t\t<div class=\"elementor-element elementor-element-b269b52 e-con-full e-flex e-con e-child\" data-id=\"b269b52\" data-element_type=\"container\" data-e-type=\"container\">\n\t\t\t\t<div class=\"elementor-element elementor-element-9ff4010 elementor-skin-carousel elementor-arrows-yes elementor-widget elementor-widget-media-carousel\" data-id=\"9ff4010\" data-element_type=\"widget\" data-e-type=\"widget\" data-settings=\"{&quot;slides_per_view&quot;:&quot;4&quot;,&quot;slides_per_view_tablet&quot;:&quot;3&quot;,&quot;slides_per_view_mobile&quot;:&quot;2&quot;,&quot;slides_to_scroll&quot;:&quot;1&quot;,&quot;lazyload&quot;:&quot;yes&quot;,&quot;space_between&quot;:{&quot;unit&quot;:&quot;px&quot;,&quot;size&quot;:0,&quot;sizes&quot;:[]},&quot;enabled_visibility&quot;:&quot;yes&quot;,&quot;space_between_tablet&quot;:{&quot;unit&quot;:&quot;px&quot;,&quot;size&quot;:0,&quot;sizes&quot;:[]},&quot;skin&quot;:&quot;carousel&quot;,&quot;effect&quot;:&quot;slide&quot;,&quot;show_arrows&quot;:&quot;yes&quot;,&quot;speed&quot;:500,&quot;autoplay&quot;:&quot;yes&quot;,&quot;autoplay_speed&quot;:5000,&quot;loop&quot;:&quot;yes&quot;,&quot;pause_on_hover&quot;:&quot;yes&quot;,&quot;pause_on_interaction&quot;:&quot;yes&quot;,&quot;space_between_mobile&quot;:{&quot;unit&quot;:&quot;px&quot;,&quot;size&quot;:10,&quot;sizes&quot;:[]},&quot;dce_visibility_selected&quot;:&quot;yes&quot;}\" data-widget_type=\"media-carousel.default\">\n\t\t\t\t<div class=\"elementor-widget-container\">\n\t\t\t\t\t\t\t\t\t<div class=\"elementor-swiper\">\n\t\t\t\t\t<div class=\"elementor-main-swiper swiper\" role=\"region\" aria-roledescription=\"carousel\" aria-label=\"Slides\">\n\t\t\t\t<div class=\"swiper-wrapper\">\n\t\t\t\t\t\t\t\t\t\t\t<div class=\"swiper-slide\" role=\"group\" aria-roledescription=\"slide\">\n\t\t\t\t\t\t\t<a href=\"https:\/\/www.kotrynagroup.com\/retail\/baby-city-toy-city\/\">\t\t<div class=\"elementor-carousel-image swiper-lazy\" role=\"img\" aria-label=\"BCTC\" data-background=\"https:\/\/www.kotrynagroup.com\/wp-content\/uploads\/2022\/08\/BCTC.png\">\n\n\t\t\t\t\t\t\t<div class=\"swiper-lazy-preloader\"><\/div>\n\t\t\t\n\t\t\t\t\t<\/div>\n\t\t<\/a>\t\t\t\t\t\t<\/div>\n\t\t\t\t\t\t\t\t\t\t\t<div class=\"swiper-slide\" role=\"group\" aria-roledescription=\"slide\">\n\t\t\t\t\t\t\t<a href=\"https:\/\/www.kotrynagroup.com\/retail\/toys-planet-juku\/\">\t\t<div class=\"elementor-carousel-image swiper-lazy\" role=\"img\" aria-label=\"\u017daisl\u0173 planeta\" data-background=\"https:\/\/www.kotrynagroup.com\/wp-content\/uploads\/2024\/02\/Zaislu-planeta.png\">\n\n\t\t\t\t\t\t\t<div class=\"swiper-lazy-preloader\"><\/div>\n\t\t\t\n\t\t\t\t\t<\/div>\n\t\t<\/a>\t\t\t\t\t\t<\/div>\n\t\t\t\t\t\t\t\t\t\t\t<div class=\"swiper-slide\" role=\"group\" aria-roledescription=\"slide\">\n\t\t\t\t\t\t\t<a href=\"https:\/\/www.kotrynagroup.com\/retail\/toys-planet-juku\/\">\t\t<div class=\"elementor-carousel-image swiper-lazy\" role=\"img\" aria-label=\"tp\" data-background=\"https:\/\/www.kotrynagroup.com\/wp-content\/uploads\/2022\/08\/tp-1.png\">\n\n\t\t\t\t\t\t\t<div class=\"swiper-lazy-preloader\"><\/div>\n\t\t\t\n\t\t\t\t\t<\/div>\n\t\t<\/a>\t\t\t\t\t\t<\/div>\n\t\t\t\t\t\t\t\t\t\t\t<div class=\"swiper-slide\" role=\"group\" aria-roledescription=\"slide\">\n\t\t\t\t\t\t\t<a href=\"https:\/\/www.kotrynagroup.com\/retail\/toys-planet-juku\/\">\t\t<div class=\"elementor-carousel-image swiper-lazy\" role=\"img\" aria-label=\"Juku\" data-background=\"https:\/\/www.kotrynagroup.com\/wp-content\/uploads\/2024\/02\/Juku.png\">\n\n\t\t\t\t\t\t\t<div class=\"swiper-lazy-preloader\"><\/div>\n\t\t\t\n\t\t\t\t\t<\/div>\n\t\t<\/a>\t\t\t\t\t\t<\/div>\n\t\t\t\t\t\t\t\t\t\t\t<div class=\"swiper-slide\" role=\"group\" aria-roledescription=\"slide\">\n\t\t\t\t\t\t\t<a href=\"https:\/\/www.kotrynagroup.com\/retail\/kidzone\/\">\t\t<div class=\"elementor-carousel-image swiper-lazy\" role=\"img\" aria-label=\"kidzone\" data-background=\"https:\/\/www.kotrynagroup.com\/wp-content\/uploads\/2022\/08\/kidzone-1.png\">\n\n\t\t\t\t\t\t\t<div class=\"swiper-lazy-preloader\"><\/div>\n\t\t\t\n\t\t\t\t\t<\/div>\n\t\t<\/a>\t\t\t\t\t\t<\/div>\n\t\t\t\t\t\t\t\t\t<\/div>\n\t\t\t\t\t\t\t\t\t\t\t\t\t\t\t<div class=\"elementor-swiper-button elementor-swiper-button-prev\" role=\"button\" tabindex=\"0\" aria-label=\"Previous\">\n\t\t\t\t\t\t\t<i aria-hidden=\"true\" class=\"eicon-chevron-left\"><\/i>\t\t\t\t\t\t<\/div>\n\t\t\t\t\t\t<div class=\"elementor-swiper-button elementor-swiper-button-next\" role=\"button\" tabindex=\"0\" aria-label=\"Next\">\n\t\t\t\t\t\t\t<i aria-hidden=\"true\" class=\"eicon-chevron-right\"><\/i>\t\t\t\t\t\t<\/div>\n\t\t\t\t\t\t\t\t\t\t\t\t\t\t\t\t\t<\/div>\n\t\t\t\t<\/div>\n\t\t\t\t\t\t\t\t<\/div>\n\t\t\t\t<\/div>\n\t\t<!-- dce invisible element f1f91a3 -->\t\t<\/div>\n\t\t\t\t\t<\/div>\n\t\t\t\t<\/div>\n\t\t\t\t<\/div>","protected":false},"excerpt":{"rendered":"<p>Select countryLithuaniaLatviaEstonia How would you rate the visit? Select country: Previous Next Previous Next<\/p>","protected":false},"author":2,"featured_media":0,"parent":0,"menu_order":0,"comment_status":"closed","ping_status":"closed","template":"elementor_header_footer","meta":{"_acf_changed":false,"footnotes":""},"class_list":["post-10364","page","type-page","status-publish","hentry"],"acf":[],"_links":{"self":[{"href":"https:\/\/www.kotrynagroup.com\/ee\/wp-json\/wp\/v2\/pages\/10364","targetHints":{"allow":["GET"]}}],"collection":[{"href":"https:\/\/www.kotrynagroup.com\/ee\/wp-json\/wp\/v2\/pages"}],"about":[{"href":"https:\/\/www.kotrynagroup.com\/ee\/wp-json\/wp\/v2\/types\/page"}],"author":[{"embeddable":true,"href":"https:\/\/www.kotrynagroup.com\/ee\/wp-json\/wp\/v2\/users\/2"}],"replies":[{"embeddable":true,"href":"https:\/\/www.kotrynagroup.com\/ee\/wp-json\/wp\/v2\/comments?post=10364"}],"version-history":[{"count":0,"href":"https:\/\/www.kotrynagroup.com\/ee\/wp-json\/wp\/v2\/pages\/10364\/revisions"}],"wp:attachment":[{"href":"https:\/\/www.kotrynagroup.com\/ee\/wp-json\/wp\/v2\/media?parent=10364"}],"curies":[{"name":"wp","href":"https:\/\/api.w.org\/{rel}","templated":true}]}}